{"id":62,"date":"2022-07-01T17:28:24","date_gmt":"2022-07-01T15:28:24","guid":{"rendered":"https:\/\/schoenheitstanz.de\/?page_id=62"},"modified":"2025-07-23T09:11:57","modified_gmt":"2025-07-23T07:11:57","slug":"impressum","status":"publish","type":"page","link":"https:\/\/schoenheitstanz.de\/en\/impressum\/","title":{"rendered":"Imprint"},"content":{"rendered":"<h2 class=\"wp-block-heading\">Angaben gem\u00e4\u00df \u00a7 5 DDG<\/h2>\n\n\n\n<p>Beauty dance studio<br>Charit\u00e9stra\u00dfe 4, 10117 Berlin-Mitte<\/p>\n\n\n\n<p>Owner: Agathe Lattka<\/p>\n\n\n\n<h2 class=\"wp-block-heading\">Contact<\/h2>\n\n\n\n<p>Phone: 0160 997 464 37<br>studio@schoenheitstanz.de<\/p>\n\n\n\n<h2 class=\"wp-block-heading\">Tax ID<\/h2>\n\n\n\n<p>Tax number: 34\/450\/55477<\/p>\n\n\n\n<p>Tax office: Berlin Mitte\/Tiergarten<\/p>\n\n\n\n<h2 class=\"wp-block-heading\">Bank details<\/h2>\n\n\n\n<p>Berliner Sparkasse - account 6603178565 - sort code 10050000 -<\/p>\n\n\n\n<p>IBAN:DE74 1005 0000 6603 1785 65<br>BIC\/SWIFT code:BE LA DE BE<\/p>\n\n\n\n<h2 class=\"wp-block-heading\">Editorially responsible<\/h2>\n\n\n\n<p>Agathe Lattka, Charit\u00e9stra\u00dfe 4, 10117 Berlin-Mitte<\/p>\n\n\n\n<h2 class=\"wp-block-heading\">Consumer dispute resolution\/universal arbitration board<\/h2>\n\n\n\n<p>We are not willing or obliged to participate in dispute resolution proceedings before a consumer arbitration board.<\/p>","protected":false},"excerpt":{"rendered":"<p>Angaben gem\u00e4\u00df \u00a7 5 DDG Sch\u00f6nheitstanz StudioCharit\u00e9stra\u00dfe 4, 10117 Berlin-Mitte Inhaberin: Agathe Lattka Kontakt Telefon: 0160 997 464 37studio@schoenheitstanz.de Steuer-ID [&hellip;]<\/p>\n","protected":false},"author":2,"featured_media":0,"parent":0,"menu_order":0,"comment_status":"closed","ping_status":"closed","template":"","meta":{"_seopress_robots_primary_cat":"","_seopress_titles_title":"","_seopress_titles_desc":"","_seopress_robots_index":"","footnotes":""},"seitenparameter":[5],"class_list":["post-62","page","type-page","status-publish","hentry","seitenparameter-gutenberg"],"meta_box":{"page_header_anzeigen":"1","page_header_tagline":"","page_header_bild":[],"header-bild_oben_abgeschnitten":"0","page_header_background_position":"Mitte Mitte","page_header_background_overlay":"0%"},"_links":{"self":[{"href":"https:\/\/schoenheitstanz.de\/en\/wp-json\/wp\/v2\/pages\/62","targetHints":{"allow":["GET"]}}],"collection":[{"href":"https:\/\/schoenheitstanz.de\/en\/wp-json\/wp\/v2\/pages"}],"about":[{"href":"https:\/\/schoenheitstanz.de\/en\/wp-json\/wp\/v2\/types\/page"}],"author":[{"embeddable":true,"href":"https:\/\/schoenheitstanz.de\/en\/wp-json\/wp\/v2\/users\/2"}],"replies":[{"embeddable":true,"href":"https:\/\/schoenheitstanz.de\/en\/wp-json\/wp\/v2\/comments?post=62"}],"version-history":[{"count":5,"href":"https:\/\/schoenheitstanz.de\/en\/wp-json\/wp\/v2\/pages\/62\/revisions"}],"predecessor-version":[{"id":1363,"href":"https:\/\/schoenheitstanz.de\/en\/wp-json\/wp\/v2\/pages\/62\/revisions\/1363"}],"wp:attachment":[{"href":"https:\/\/schoenheitstanz.de\/en\/wp-json\/wp\/v2\/media?parent=62"}],"wp:term":[{"taxonomy":"seitenparameter","embeddable":true,"href":"https:\/\/schoenheitstanz.de\/en\/wp-json\/wp\/v2\/seitenparameter?post=62"}],"curies":[{"name":"wp","href":"https:\/\/api.w.org\/{rel}","templated":true}]}}