{"id":6,"date":"2022-07-01T12:43:17","date_gmt":"2022-07-01T10:43:17","guid":{"rendered":"https:\/\/schoenheitstanz.de\/?page_id=6"},"modified":"2022-10-03T17:52:56","modified_gmt":"2022-10-03T15:52:56","slug":"home","status":"publish","type":"page","link":"https:\/\/schoenheitstanz.de\/en\/","title":{"rendered":"Home"},"content":{"rendered":"","protected":false},"excerpt":{"rendered":"","protected":false},"author":2,"featured_media":956,"parent":0,"menu_order":0,"comment_status":"closed","ping_status":"closed","template":"","meta":{"_seopress_robots_primary_cat":"","_seopress_titles_title":"","_seopress_titles_desc":"Berlins \u00e4ltestes Tanzstudio f\u00fcr Pole Dance &amp; Exotic Dance! Angebote f\u00fcr Junggesellinnenabschiede!","_seopress_robots_index":"","footnotes":""},"seitenparameter":[],"class_list":["post-6","page","type-page","status-publish","has-post-thumbnail","hentry"],"meta_box":{"page_header_anzeigen":"1","page_header_tagline":"Finde den passenden Kurs","page_header_bild":[{"width":200,"height":200,"file":"2022\/09\/schoenheitstanz-header-1a.png","filesize":182284,"sizes":{"thumbnail":{"file":"schoenheitstanz-header-1a-200x200.png","width":200,"height":200,"mime-type":"image\/png","filesize":37370,"url":"https:\/\/schoenheitstanz.de\/wp-content\/uploads\/2022\/09\/schoenheitstanz-header-1a-200x200.png"},"trp-custom-language-flag":{"file":"schoenheitstanz-header-1a-10x12.png","width":10,"height":12,"mime-type":"image\/png","filesize":473,"url":"https:\/\/schoenheitstanz.de\/wp-content\/uploads\/2022\/09\/schoenheitstanz-header-1a-10x12.png"}},"image_meta":{"aperture":"0","credit":"","camera":"","caption":"","created_timestamp":"0","copyright":"","focal_length":"0","iso":"0","shutter_speed":"0","title":"","orientation":"0","keywords":[]},"ID":"900","name":"schoenheitstanz-header-1a.png","path":"\/mnt\/web108\/b2\/42\/511590642\/htdocs\/schoenheitstanz.de-2022\/wp-content\/uploads\/2022\/09\/schoenheitstanz-header-1a.png","url":"https:\/\/schoenheitstanz.de\/wp-content\/uploads\/2022\/09\/schoenheitstanz-header-1a-200x200.png","full_url":"https:\/\/schoenheitstanz.de\/wp-content\/uploads\/2022\/09\/schoenheitstanz-header-1a.png","title":"schoenheitstanz-header-1a","caption":"","description":"","alt":"","srcset":false}],"header-bild_oben_abgeschnitten":"1","page_header_background_position":"Mitte Mitte","page_header_background_overlay":"0%"},"_links":{"self":[{"href":"https:\/\/schoenheitstanz.de\/en\/wp-json\/wp\/v2\/pages\/6","targetHints":{"allow":["GET"]}}],"collection":[{"href":"https:\/\/schoenheitstanz.de\/en\/wp-json\/wp\/v2\/pages"}],"about":[{"href":"https:\/\/schoenheitstanz.de\/en\/wp-json\/wp\/v2\/types\/page"}],"author":[{"embeddable":true,"href":"https:\/\/schoenheitstanz.de\/en\/wp-json\/wp\/v2\/users\/2"}],"replies":[{"embeddable":true,"href":"https:\/\/schoenheitstanz.de\/en\/wp-json\/wp\/v2\/comments?post=6"}],"version-history":[{"count":100,"href":"https:\/\/schoenheitstanz.de\/en\/wp-json\/wp\/v2\/pages\/6\/revisions"}],"predecessor-version":[{"id":1065,"href":"https:\/\/schoenheitstanz.de\/en\/wp-json\/wp\/v2\/pages\/6\/revisions\/1065"}],"wp:featuredmedia":[{"embeddable":true,"href":"https:\/\/schoenheitstanz.de\/en\/wp-json\/wp\/v2\/media\/956"}],"wp:attachment":[{"href":"https:\/\/schoenheitstanz.de\/en\/wp-json\/wp\/v2\/media?parent=6"}],"wp:term":[{"taxonomy":"seitenparameter","embeddable":true,"href":"https:\/\/schoenheitstanz.de\/en\/wp-json\/wp\/v2\/seitenparameter?post=6"}],"curies":[{"name":"wp","href":"https:\/\/api.w.org\/{rel}","templated":true}]}}