{"id":200,"date":"2022-08-31T17:42:22","date_gmt":"2022-08-31T15:42:22","guid":{"rendered":"https:\/\/schoenheitstanz.de\/?page_id=200"},"modified":"2024-08-06T19:52:32","modified_gmt":"2024-08-06T17:52:32","slug":"gruppen","status":"publish","type":"page","link":"https:\/\/schoenheitstanz.de\/en\/gruppen\/","title":{"rendered":"Group Parties"},"content":{"rendered":"<p><strong>Partiess at Sch\u00f6nheitstanz Berlin Studio \u2013 A totally unique way to celebrate!<\/strong><\/p>\n\n\n\n<p>Ihr m\u00f6chtet mit Euren Freund*innen einen einzigartigen Abend verbringen oder einen besonderen Anlass feiern?<\/p>\n\n\n\n<p>Sei es nun ein Junggesell*innenabschied, ein Geburtstag, der Frauentag, ein lustiger Abend oder sogar eine Scheidung, das Sch\u00f6nheitstanz Studio wird mit ihren Pole Dance, Burlesque,Twerk oder Lap Dance Partys daf\u00fcr sorgen, dass dieser Tag f\u00fcr euch unvergesslich bleibt!<\/p>\n\n\n\n<p>We\u2019ll organise a tease party that is perfectly tailored to you and your friends! <a href=\"https:\/\/schoenheitstanz.de\/en\/kontakt\/\" data-type=\"page\" data-id=\"198\">Contact us<\/a> und wir schicken Euch diese gern zu.<\/p>\n\n\n\n<figure class=\"wp-block-image size-full\"><img decoding=\"async\" width=\"620\" height=\"479\" src=\"https:\/\/schoenheitstanz.de\/wp-content\/uploads\/2022\/09\/gruppen-party.jpg\" alt=\"\" class=\"wp-image-640\"\/><\/figure>","protected":false},"excerpt":{"rendered":"<p>Partys im Sch\u00f6nheitstanz Berlin Studio \u2013 die ungew\u00f6hnliche Art zu Feiern! Ihr m\u00f6chtet mit Euren Freund*innen einen einzigartigen Abend verbringen [&hellip;]<\/p>\n","protected":false},"author":2,"featured_media":0,"parent":0,"menu_order":0,"comment_status":"closed","ping_status":"closed","template":"","meta":{"_seopress_robots_primary_cat":"","_seopress_titles_title":"","_seopress_titles_desc":"","_seopress_robots_index":"","footnotes":""},"seitenparameter":[37],"class_list":["post-200","page","type-page","status-publish","hentry","seitenparameter-gutenberg-sidebar"],"meta_box":{"page_header_anzeigen":"1","page_header_tagline":"","page_header_bild":[{"width":200,"height":200,"file":"2022\/09\/gruppen-a.png","filesize":285147,"sizes":{"thumbnail":{"file":"gruppen-a-200x200.png","width":200,"height":200,"mime-type":"image\/png","filesize":54454,"url":"https:\/\/schoenheitstanz.de\/wp-content\/uploads\/2022\/09\/gruppen-a-200x200.png"},"trp-custom-language-flag":{"file":"gruppen-a-12x12.png","width":12,"height":12,"mime-type":"image\/png","filesize":550,"url":"https:\/\/schoenheitstanz.de\/wp-content\/uploads\/2022\/09\/gruppen-a-12x12.png"}},"image_meta":{"aperture":"0","credit":"","camera":"","caption":"","created_timestamp":"0","copyright":"","focal_length":"0","iso":"0","shutter_speed":"0","title":"","orientation":"0","keywords":[]},"ID":"913","name":"gruppen-a.png","path":"\/mnt\/web108\/b2\/42\/511590642\/htdocs\/schoenheitstanz.de-2022\/wp-content\/uploads\/2022\/09\/gruppen-a.png","url":"https:\/\/schoenheitstanz.de\/wp-content\/uploads\/2022\/09\/gruppen-a-200x200.png","full_url":"https:\/\/schoenheitstanz.de\/wp-content\/uploads\/2022\/09\/gruppen-a.png","title":"gruppen-a","caption":"","description":"","alt":"","srcset":"https:\/\/schoenheitstanz.de\/wp-content\/uploads\/2022\/09\/gruppen-a-200x200.png 200w, https:\/\/schoenheitstanz.de\/wp-content\/uploads\/2022\/09\/gruppen-a-12x12.png 12w"}],"header-bild_oben_abgeschnitten":"0","page_header_background_position":"Mitte Mitte","page_header_background_overlay":"0%"},"_links":{"self":[{"href":"https:\/\/schoenheitstanz.de\/en\/wp-json\/wp\/v2\/pages\/200","targetHints":{"allow":["GET"]}}],"collection":[{"href":"https:\/\/schoenheitstanz.de\/en\/wp-json\/wp\/v2\/pages"}],"about":[{"href":"https:\/\/schoenheitstanz.de\/en\/wp-json\/wp\/v2\/types\/page"}],"author":[{"embeddable":true,"href":"https:\/\/schoenheitstanz.de\/en\/wp-json\/wp\/v2\/users\/2"}],"replies":[{"embeddable":true,"href":"https:\/\/schoenheitstanz.de\/en\/wp-json\/wp\/v2\/comments?post=200"}],"version-history":[{"count":6,"href":"https:\/\/schoenheitstanz.de\/en\/wp-json\/wp\/v2\/pages\/200\/revisions"}],"predecessor-version":[{"id":1319,"href":"https:\/\/schoenheitstanz.de\/en\/wp-json\/wp\/v2\/pages\/200\/revisions\/1319"}],"wp:attachment":[{"href":"https:\/\/schoenheitstanz.de\/en\/wp-json\/wp\/v2\/media?parent=200"}],"wp:term":[{"taxonomy":"seitenparameter","embeddable":true,"href":"https:\/\/schoenheitstanz.de\/en\/wp-json\/wp\/v2\/seitenparameter?post=200"}],"curies":[{"name":"wp","href":"https:\/\/api.w.org\/{rel}","templated":true}]}}